{"id":1414,"date":"2024-06-27T13:58:26","date_gmt":"2024-06-27T11:58:26","guid":{"rendered":"https:\/\/thecontentstation.com\/rejoindre-lequipe\/"},"modified":"2024-10-17T12:25:28","modified_gmt":"2024-10-17T10:25:28","slug":"rejoindre-lequipe","status":"publish","type":"page","link":"https:\/\/thecontentstation.com\/fr\/rejoindre-lequipe\/","title":{"rendered":"Rejoindre l\u2019\u00e9quipe"},"content":{"rendered":"<div class=\"wpb-content-wrapper\">[vc_row visibility=\u00a0\u00bbshow-at-mm-breakpoint\u00a0\u00bb][vc_column]\t<style>.vcex_6a0451adcc415{height:0px;}@media (max-width:767px){.vcex_6a0451adcc415{height:90px;}}<\/style>\n<div class=\"vcex-spacing wpex-w-100 wpex-clear vcex_6a0451adcc415\"><\/div>[\/vc_column][\/vc_row][vc_row css=\u00a0\u00bb.vc_custom_1720688944382{margin-top: -200px !important;}\u00a0\u00bb][vc_column wpex_shadow=\u00a0\u00bbshadow-lg\u00a0\u00bb width=\u00a0\u00bb7\/12&Prime; offset=\u00a0\u00bbvc_col-sm-offset-5 vc_col-xs-offset-1 vc_col-xs-10&Prime; css=\u00a0\u00bb.vc_custom_1724347062544{border-bottom-width: 10px !important;padding-top: 40px !important;padding-right: 40px !important;padding-bottom: 40px !important;padding-left: 40px !important;background-color: #ffffff !important;border-bottom-color: #4bbeaf !important;border-bottom-style: solid !important;}\u00a0\u00bb]<h3 class=\"vcex-heading vcex-heading-plain vcex-module wpex-heading wpex-text-2xl wpex-h3\"><span class=\"vcex-heading-inner wpex-inline-block\">Nous sommes \u00e0 la recherche d&apos;experts en contenus souhaitant rejoindre notre \u00e9quipe.<\/span><\/h3>\t<style>.vcex_6a0451adcd350{height:40px;}@media (max-width:767px){.vcex_6a0451adcd350{height:20px;}}<\/style>\n<div class=\"vcex-spacing wpex-w-100 wpex-clear vcex_6a0451adcd350\"><\/div>[vc_row_inner remove_bottom_col_margin=\u00a0\u00bbtrue\u00a0\u00bb][vc_column_inner css=\u00a0\u00bb.vc_custom_1724350462010{padding-right: 30px !important;padding-left: 30px !important;background-color: #ebe9e9 !important;}\u00a0\u00bb]<style>.vcex-heading.vcex_6a0451adcd926{font-size:18px;}<\/style><h3 class=\"vcex-heading vcex-heading-plain vcex-module wpex-heading wpex-text-2xl wpex-h3 vc_custom_1726840584918 vcex_6a0451adcd926\"><span class=\"vcex-heading-inner wpex-inline-block\">Postes \u00e0 temps plein<\/span><\/h3><div class=\"wpex-post-cards wpex-post-cards-template_872 wpex-mb-0 wpex-relative\"><div class=\"wpex-post-cards-inner\"><div class=\"wpex-post-cards-loop wpex-post-cards-grid wpex-row wpex-clr gap-none\"><div class=\"wpex-post-cards-entry col col-1 span_1_of_1 post-1386 type-post cat-8\"><div class=\"wpex-card wpex-card-template_872\"><style>.vc_custom_1724349126426{margin-top: 0px !important;margin-right: 0px !important;margin-bottom: 20px !important;margin-left: 0px !important;}.vc_custom_1724350643230{padding-top: 20px !important;padding-right: 20px !important;padding-bottom: 20px !important;padding-left: 20px !important;background-color: #ffffff !important;}<\/style><a href=\"https:\/\/thecontentstation.com\/fr\/content-manager\/\" aria-label=\"Content Manager\" class=\"wpex-card-inner wpex-no-underline wpex-inherit-color\"><div class=\"vc_row wpb_row vc_row-fluid vc_custom_1724349126426\"><div class=\"wpb_column vc_column_container vc_col-sm-12 wpex-vc_col-has-fill\"><div class=\"vc_column-inner wpex-shadow-lg vc_custom_1724350643230\"><div class=\"wpb_wrapper\"><div class=\"vc_row wpb_row vc_inner vc_row-fluid vc_row-o-content-middle vc_row-flex\"><div class=\"wpb_column vc_column_container vc_col-sm-8\"><div class=\"vc_column-inner\"><div class=\"wpb_wrapper\"><style>.vcex-heading.vcex_6a0451add26b4{font-size:20px;font-weight:700;margin-top:0px;margin-bottom:0px;}@media (max-width:767px){.vcex-heading.vcex_6a0451add26b4{font-size:18px;}}<\/style><h3 class=\"vcex-heading vcex-heading-plain vcex-module wpex-h3 vcex_6a0451add26b4\"><span class=\"vcex-heading-inner wpex-inline-block\">Content Manager<\/span><\/h3><\/div><\/div><\/div><div class=\"wpb_column vc_column_container vc_col-sm-4\"><div class=\"vc_column-inner\"><div class=\"wpb_wrapper\">\t<style>.vcex_6a0451add2bec{height:0px;}@media (max-width:767px){.vcex_6a0451add2bec{height:10px;}}<\/style>\n<div class=\"vcex-spacing wpex-w-100 wpex-clear vcex_6a0451add2bec\"><\/div><span href=\"#\" class=\"vcex-button theme-button wpex-mb-0 inline\"><span class=\"vcex-button-inner theme-button-inner\">Find out more<span class=\"vcex-button-icon vcex-icon-wrap theme-button-icon-right wpex-transition-transform wpex-duration-200\" data-wpex-hover=\"{&quot;parent&quot;:&quot;.vcex-button&quot;,&quot;transform&quot;:&quot;translateX(5px)&quot;}\"><span class=\"ticon ticon-angle-double-right\" aria-hidden=\"true\"><\/span><\/span><\/span><\/span> <\/div><\/div><\/div><\/div><\/div><\/div><\/div><\/div><\/a><\/div><\/div><\/div><\/div><\/div>[\/vc_column_inner][\/vc_row_inner]\t<style>.vcex_6a0451add41ab{height:40px;}@media (max-width:767px){.vcex_6a0451add41ab{height:20px;}}<\/style>\n<div class=\"vcex-spacing wpex-w-100 wpex-clear vcex_6a0451add41ab\"><\/div>[vc_column_text]Nous appr\u00e9cions toujours les candidatures spontan\u00e9es de travailleurs ind\u00e9pendants : \u00e9diteurs et d\u00e9veloppeurs de contenus, maquettistes, chefs de projet et auteurs. \u00c9crivez-nous \u00e0 <a href=\"mailto:info@thecontentstation.com\" target=\"_blank\" rel=\"noopener\">info@thecontentstation.com<\/a> ou utilisez le formulaire pour nous contacter.[\/vc_column_text]<style> style=\"height:40px;\"<\/style><div class=\"vcex-spacing wpex-w-100 wpex-clear\" style=\"height:40px;\"><\/div><script type=\"text\/javascript\">var gform;gform||(document.addEventListener(\"gform_main_scripts_loaded\",function(){gform.scriptsLoaded=!0}),window.addEventListener(\"DOMContentLoaded\",function(){gform.domLoaded=!0}),gform={domLoaded:!1,scriptsLoaded:!1,initializeOnLoaded:function(o){gform.domLoaded&&gform.scriptsLoaded?o():!gform.domLoaded&&gform.scriptsLoaded?window.addEventListener(\"DOMContentLoaded\",o):document.addEventListener(\"gform_main_scripts_loaded\",o)},hooks:{action:{},filter:{}},addAction:function(o,n,r,t){gform.addHook(\"action\",o,n,r,t)},addFilter:function(o,n,r,t){gform.addHook(\"filter\",o,n,r,t)},doAction:function(o){gform.doHook(\"action\",o,arguments)},applyFilters:function(o){return gform.doHook(\"filter\",o,arguments)},removeAction:function(o,n){gform.removeHook(\"action\",o,n)},removeFilter:function(o,n,r){gform.removeHook(\"filter\",o,n,r)},addHook:function(o,n,r,t,i){null==gform.hooks[o][n]&&(gform.hooks[o][n]=[]);var e=gform.hooks[o][n];null==i&&(i=n+\"_\"+e.length),gform.hooks[o][n].push({tag:i,callable:r,priority:t=null==t?10:t})},doHook:function(n,o,r){var t;if(r=Array.prototype.slice.call(r,1),null!=gform.hooks[n][o]&&((o=gform.hooks[n][o]).sort(function(o,n){return o.priority-n.priority}),o.forEach(function(o){\"function\"!=typeof(t=o.callable)&&(t=window[t]),\"action\"==n?t.apply(null,r):r[0]=t.apply(null,r)})),\"filter\"==n)return r[0]},removeHook:function(o,n,t,i){var r;null!=gform.hooks[o][n]&&(r=(r=gform.hooks[o][n]).filter(function(o,n,r){return!!(null!=i&&i!=o.tag||null!=t&&t!=o.priority)}),gform.hooks[o][n]=r)}});<\/script>\n                <div class='gf_browser_gecko gform_wrapper gravity-theme gform-theme--no-framework' data-form-theme='gravity-theme' data-form-index='0' id='gform_wrapper_1' ><div id='gf_1' class='gform_anchor' tabindex='-1'><\/div><form method='post' enctype='multipart\/form-data' target='gform_ajax_frame_1' id='gform_1'  action='\/fr\/wp-json\/wp\/v2\/pages\/1414#gf_1' data-formid='1' novalidate>\n                        <div class='gform-body gform_body'><div id='gform_fields_1' class='gform_fields top_label form_sublabel_below description_below'><fieldset id=\"field_1_1\"  class=\"gfield gfield--type-name field_sublabel_hidden_label gfield--no-description field_description_below hidden_label gfield_visibility_visible\"  data-js-reload=\"field_1_1\"><legend class='gfield_label gform-field-label gfield_label_before_complex'  >Name<\/legend><div class='ginput_complex ginput_container ginput_container--name no_prefix has_first_name no_middle_name no_last_name no_suffix gf_name_has_1 ginput_container_name gform-grid-row' id='input_1_1'>\n                            \n                            <span id='input_1_1_3_container' class='name_first gform-grid-col gform-grid-col--size-auto' >\n                                                    <input type='text' name='input_1.3' id='input_1_1_3' value=''   aria-required='false'   placeholder='Nom complet'  \/>\n                                                    <label for='input_1_1_3' class='gform-field-label gform-field-label--type-sub hidden_sub_label screen-reader-text'>Nom complet<\/label>\n                                                <\/span>\n                            \n                            \n                            \n                        <\/div><\/fieldset><div id=\"field_1_3\"  class=\"gfield gfield--type-email gfield--width-half field_sublabel_below gfield--no-description field_description_below hidden_label gfield_visibility_visible\"  data-js-reload=\"field_1_3\"><label class='gfield_label gform-field-label' for='input_1_3' >Adresse e-mail<\/label><div class='ginput_container ginput_container_email'>\n                            <input name='input_3' id='input_1_3' type='email' value='' class='large'   placeholder='contact@email.com'  aria-invalid=\"false\"  \/>\n                        <\/div><\/div><div id=\"field_1_4\"  class=\"gfield gfield--type-text gfield--width-half field_sublabel_below gfield--no-description field_description_below hidden_label gfield_visibility_visible\"  data-js-reload=\"field_1_4\"><label class='gfield_label gform-field-label' for='input_1_4' >Entreprise<\/label><div class='ginput_container ginput_container_text'><input name='input_4' id='input_1_4' type='text' value='' class='large'    placeholder='Entreprise'  aria-invalid=\"false\"   \/> <\/div><\/div><div id=\"field_1_5\"  class=\"gfield gfield--type-textarea field_sublabel_below gfield--no-description field_description_below hidden_label gfield_visibility_visible\"  data-js-reload=\"field_1_5\"><label class='gfield_label gform-field-label' for='input_1_5' >Message<\/label><div class='ginput_container ginput_container_textarea'><textarea name='input_5' id='input_1_5' class='textarea medium'    placeholder='R\u00e9digez votre message ici'  aria-invalid=\"false\"   rows='10' cols='50'><\/textarea><\/div><\/div><div id=\"field_1_6\"  class=\"gfield gfield--type-honeypot gform_validation_container field_sublabel_below gfield--has-description field_description_below gfield_visibility_visible\"  data-js-reload=\"field_1_6\"><label class='gfield_label gform-field-label' for='input_1_6' >Email<\/label><div class='ginput_container'><input name='input_6' id='input_1_6' type='text' value='' autocomplete='new-password'\/><\/div><div class='gfield_description' id='gfield_description_1_6'>This field is for validation purposes and should be left unchanged.<\/div><\/div><\/div><\/div>\n        <div class='gform_footer top_label'> <input type='submit' id='gform_submit_button_1' class='gform_button button' value='Envoyer'  onclick='if(window[\"gf_submitting_1\"]){return false;}  if( !jQuery(\"#gform_1\")[0].checkValidity || jQuery(\"#gform_1\")[0].checkValidity()){window[\"gf_submitting_1\"]=true;}  ' onkeypress='if( event.keyCode == 13 ){ if(window[\"gf_submitting_1\"]){return false;} if( !jQuery(\"#gform_1\")[0].checkValidity || jQuery(\"#gform_1\")[0].checkValidity()){window[\"gf_submitting_1\"]=true;}  jQuery(\"#gform_1\").trigger(\"submit\",[true]); }' \/> <input type='hidden' name='gform_ajax' value='form_id=1&amp;title=&amp;description=&amp;tabindex=0' \/>\n            <input type='hidden' class='gform_hidden' name='is_submit_1' value='1' \/>\n            <input type='hidden' class='gform_hidden' name='gform_submit' value='1' \/>\n            \n            <input type='hidden' class='gform_hidden' name='gform_unique_id' value='' \/>\n            <input type='hidden' class='gform_hidden' name='state_1' value='WyJbXSIsIjMzMzE4OGQzMzI1ZWYyNzdmN2IxMDFjODQ2NWUxM2MwIl0=' \/>\n            <input type='hidden' class='gform_hidden' name='gform_target_page_number_1' id='gform_target_page_number_1' value='0' \/>\n            <input type='hidden' class='gform_hidden' name='gform_source_page_number_1' id='gform_source_page_number_1' value='1' \/>\n            <input type='hidden' name='gform_field_values' value='' \/>\n            \n        <\/div>\n                        <p style=\"display: none !important;\" class=\"akismet-fields-container\" data-prefix=\"ak_\"><label>&#916;<textarea name=\"ak_hp_textarea\" cols=\"45\" rows=\"8\" maxlength=\"100\"><\/textarea><\/label><input type=\"hidden\" id=\"ak_js_1\" name=\"ak_js\" value=\"242\"\/><script>\ndocument.getElementById( \"ak_js_1\" ).setAttribute( \"value\", ( new Date() ).getTime() );\n<\/script>\n<\/p><\/form>\n                        <\/div>\n\t\t                <iframe style='display:none;width:0px;height:0px;' src='about:blank' name='gform_ajax_frame_1' id='gform_ajax_frame_1' title='This iframe contains the logic required to handle Ajax powered Gravity Forms.'><\/iframe>\n\t\t                <script>\ngform.initializeOnLoaded( function() {gformInitSpinner( 1, 'https:\/\/thecontentstation.com\/wp-content\/plugins\/gravityforms\/images\/spinner.svg', true );jQuery('#gform_ajax_frame_1').on('load',function(){var contents = jQuery(this).contents().find('*').html();var is_postback = contents.indexOf('GF_AJAX_POSTBACK') >= 0;if(!is_postback){return;}var form_content = jQuery(this).contents().find('#gform_wrapper_1');var is_confirmation = jQuery(this).contents().find('#gform_confirmation_wrapper_1').length > 0;var is_redirect = contents.indexOf('gformRedirect(){') >= 0;var is_form = form_content.length > 0 && ! is_redirect && ! is_confirmation;var mt = parseInt(jQuery('html').css('margin-top'), 10) + parseInt(jQuery('body').css('margin-top'), 10) + 100;if(is_form){jQuery('#gform_wrapper_1').html(form_content.html());if(form_content.hasClass('gform_validation_error')){jQuery('#gform_wrapper_1').addClass('gform_validation_error');} else {jQuery('#gform_wrapper_1').removeClass('gform_validation_error');}setTimeout( function() { \/* delay the scroll by 50 milliseconds to fix a bug in chrome *\/ jQuery(document).scrollTop(jQuery('#gform_wrapper_1').offset().top - mt); }, 50 );if(window['gformInitDatepicker']) {gformInitDatepicker();}if(window['gformInitPriceFields']) {gformInitPriceFields();}var current_page = jQuery('#gform_source_page_number_1').val();gformInitSpinner( 1, 'https:\/\/thecontentstation.com\/wp-content\/plugins\/gravityforms\/images\/spinner.svg', true );jQuery(document).trigger('gform_page_loaded', [1, current_page]);window['gf_submitting_1'] = false;}else if(!is_redirect){var confirmation_content = jQuery(this).contents().find('.GF_AJAX_POSTBACK').html();if(!confirmation_content){confirmation_content = contents;}setTimeout(function(){jQuery('#gform_wrapper_1').replaceWith(confirmation_content);jQuery(document).scrollTop(jQuery('#gf_1').offset().top - mt);jQuery(document).trigger('gform_confirmation_loaded', [1]);window['gf_submitting_1'] = false;wp.a11y.speak(jQuery('#gform_confirmation_message_1').text());}, 50);}else{jQuery('#gform_1').append(contents);if(window['gformRedirect']) {gformRedirect();}}jQuery(document).trigger('gform_post_render', [1, current_page]);gform.utils.trigger({ event: 'gform\/postRender', native: false, data: { formId: 1, currentPage: current_page } });} );} );\n<\/script>\n[\/vc_column][\/vc_row]\n<\/div>","protected":false},"excerpt":{"rendered":"The role The main objective for the role of the Content Manager is to oversee all of the content needs for the projects within a client hub, working with both internal and external team members, ensuring content is developed from concept to final sign off for our clients and ensuring on-brief, on-time and under-budget delivery.&hellip;","protected":false},"author":1,"featured_media":864,"parent":0,"menu_order":0,"comment_status":"closed","ping_status":"closed","template":"","meta":{"footnotes":""},"class_list":["post-1414","page","type-page","status-publish","has-post-thumbnail","hentry","entry","no-media"],"yoast_head":"<!-- This site is optimized with the Yoast SEO plugin v27.6 - https:\/\/yoast.com\/product\/yoast-seo-wordpress\/ -->\n<title>Rejoindre l\u2019\u00e9quipe | The Content Station<\/title>\n<meta name=\"description\" content=\"Nous recherchons des experts en contenus souhaitant rejoindre notre \u00e9quipe.\" \/>\n<meta name=\"robots\" content=\"index, follow, max-snippet:-1, max-image-preview:large, max-video-preview:-1\" \/>\n<link rel=\"canonical\" href=\"https:\/\/thecontentstation.com\/fr\/rejoindre-lequipe\/\" \/>\n<meta property=\"og:locale\" content=\"fr_FR\" \/>\n<meta property=\"og:type\" content=\"article\" \/>\n<meta property=\"og:title\" content=\"Rejoindre l\u2019\u00e9quipe | The Content Station\" \/>\n<meta property=\"og:description\" content=\"Nous recherchons des experts en contenus souhaitant rejoindre notre \u00e9quipe.\" \/>\n<meta property=\"og:url\" content=\"https:\/\/thecontentstation.com\/fr\/rejoindre-lequipe\/\" \/>\n<meta property=\"og:site_name\" content=\"The Content Station\" \/>\n<meta property=\"article:publisher\" content=\"https:\/\/www.facebook.com\/thecontentstation\/\" \/>\n<meta property=\"article:modified_time\" content=\"2024-10-17T10:25:28+00:00\" \/>\n<meta property=\"og:image\" content=\"https:\/\/thecontentstation.com\/wp-content\/uploads\/2024\/08\/The-content-station-join-us-header.jpg\" \/>\n\t<meta property=\"og:image:width\" content=\"1920\" \/>\n\t<meta property=\"og:image:height\" content=\"955\" \/>\n\t<meta property=\"og:image:type\" content=\"image\/jpeg\" \/>\n<meta name=\"twitter:card\" content=\"summary_large_image\" \/>\n<meta name=\"twitter:site\" content=\"@_contentstation\" \/>\n<meta name=\"twitter:label1\" content=\"Dur\u00e9e de lecture estim\u00e9e\" \/>\n\t<meta name=\"twitter:data1\" content=\"1 minute\" \/>\n<script type=\"application\/ld+json\" class=\"yoast-schema-graph\">{\"@context\":\"https:\\\/\\\/schema.org\",\"@graph\":[{\"@type\":\"WebPage\",\"@id\":\"https:\\\/\\\/thecontentstation.com\\\/fr\\\/rejoindre-lequipe\\\/\",\"url\":\"https:\\\/\\\/thecontentstation.com\\\/fr\\\/rejoindre-lequipe\\\/\",\"name\":\"Rejoindre l\u2019\u00e9quipe | The Content Station\",\"isPartOf\":{\"@id\":\"https:\\\/\\\/thecontentstation.com\\\/#website\"},\"primaryImageOfPage\":{\"@id\":\"https:\\\/\\\/thecontentstation.com\\\/fr\\\/rejoindre-lequipe\\\/#primaryimage\"},\"image\":{\"@id\":\"https:\\\/\\\/thecontentstation.com\\\/fr\\\/rejoindre-lequipe\\\/#primaryimage\"},\"thumbnailUrl\":\"https:\\\/\\\/thecontentstation.com\\\/wp-content\\\/uploads\\\/2024\\\/08\\\/The-content-station-join-us-header.jpg\",\"datePublished\":\"2024-06-27T11:58:26+00:00\",\"dateModified\":\"2024-10-17T10:25:28+00:00\",\"description\":\"Nous recherchons des experts en contenus souhaitant rejoindre notre \u00e9quipe.\",\"breadcrumb\":{\"@id\":\"https:\\\/\\\/thecontentstation.com\\\/fr\\\/rejoindre-lequipe\\\/#breadcrumb\"},\"inLanguage\":\"fr-FR\",\"potentialAction\":[{\"@type\":\"ReadAction\",\"target\":[\"https:\\\/\\\/thecontentstation.com\\\/fr\\\/rejoindre-lequipe\\\/\"]}]},{\"@type\":\"ImageObject\",\"inLanguage\":\"fr-FR\",\"@id\":\"https:\\\/\\\/thecontentstation.com\\\/fr\\\/rejoindre-lequipe\\\/#primaryimage\",\"url\":\"https:\\\/\\\/thecontentstation.com\\\/wp-content\\\/uploads\\\/2024\\\/08\\\/The-content-station-join-us-header.jpg\",\"contentUrl\":\"https:\\\/\\\/thecontentstation.com\\\/wp-content\\\/uploads\\\/2024\\\/08\\\/The-content-station-join-us-header.jpg\",\"width\":1920,\"height\":955},{\"@type\":\"BreadcrumbList\",\"@id\":\"https:\\\/\\\/thecontentstation.com\\\/fr\\\/rejoindre-lequipe\\\/#breadcrumb\",\"itemListElement\":[{\"@type\":\"ListItem\",\"position\":1,\"name\":\"Accueil\",\"item\":\"https:\\\/\\\/thecontentstation.com\\\/fr\\\/accueil\\\/\"},{\"@type\":\"ListItem\",\"position\":2,\"name\":\"Rejoindre l\u2019\u00e9quipe\"}]},{\"@type\":\"WebSite\",\"@id\":\"https:\\\/\\\/thecontentstation.com\\\/#website\",\"url\":\"https:\\\/\\\/thecontentstation.com\\\/\",\"name\":\"The Content Station\",\"description\":\"Nous sommes vos experts en contenus.\",\"publisher\":{\"@id\":\"https:\\\/\\\/thecontentstation.com\\\/#organization\"},\"potentialAction\":[{\"@type\":\"SearchAction\",\"target\":{\"@type\":\"EntryPoint\",\"urlTemplate\":\"https:\\\/\\\/thecontentstation.com\\\/?s={search_term_string}\"},\"query-input\":{\"@type\":\"PropertyValueSpecification\",\"valueRequired\":true,\"valueName\":\"search_term_string\"}}],\"inLanguage\":\"fr-FR\"},{\"@type\":\"Organization\",\"@id\":\"https:\\\/\\\/thecontentstation.com\\\/#organization\",\"name\":\"The Content Station\",\"url\":\"https:\\\/\\\/thecontentstation.com\\\/\",\"logo\":{\"@type\":\"ImageObject\",\"inLanguage\":\"fr-FR\",\"@id\":\"https:\\\/\\\/thecontentstation.com\\\/#\\\/schema\\\/logo\\\/image\\\/\",\"url\":\"https:\\\/\\\/thecontentstation.com\\\/wp-content\\\/uploads\\\/2024\\\/07\\\/The-content-station-logo-full.png\",\"contentUrl\":\"https:\\\/\\\/thecontentstation.com\\\/wp-content\\\/uploads\\\/2024\\\/07\\\/The-content-station-logo-full.png\",\"width\":600,\"height\":118,\"caption\":\"The Content Station\"},\"image\":{\"@id\":\"https:\\\/\\\/thecontentstation.com\\\/#\\\/schema\\\/logo\\\/image\\\/\"},\"sameAs\":[\"https:\\\/\\\/www.facebook.com\\\/thecontentstation\\\/\",\"https:\\\/\\\/x.com\\\/_contentstation\",\"https:\\\/\\\/www.linkedin.com\\\/company\\\/thecontentstation\\\/\"]}]}<\/script>\n<!-- \/ Yoast SEO plugin. -->","yoast_head_json":{"title":"Rejoindre l\u2019\u00e9quipe | The Content Station","description":"Nous recherchons des experts en contenus souhaitant rejoindre notre \u00e9quipe.","robots":{"index":"index","follow":"follow","max-snippet":"max-snippet:-1","max-image-preview":"max-image-preview:large","max-video-preview":"max-video-preview:-1"},"canonical":"https:\/\/thecontentstation.com\/fr\/rejoindre-lequipe\/","og_locale":"fr_FR","og_type":"article","og_title":"Rejoindre l\u2019\u00e9quipe | The Content Station","og_description":"Nous recherchons des experts en contenus souhaitant rejoindre notre \u00e9quipe.","og_url":"https:\/\/thecontentstation.com\/fr\/rejoindre-lequipe\/","og_site_name":"The Content Station","article_publisher":"https:\/\/www.facebook.com\/thecontentstation\/","article_modified_time":"2024-10-17T10:25:28+00:00","og_image":[{"width":1920,"height":955,"url":"https:\/\/thecontentstation.com\/wp-content\/uploads\/2024\/08\/The-content-station-join-us-header.jpg","type":"image\/jpeg"}],"twitter_card":"summary_large_image","twitter_site":"@_contentstation","twitter_misc":{"Dur\u00e9e de lecture estim\u00e9e":"1 minute"},"schema":{"@context":"https:\/\/schema.org","@graph":[{"@type":"WebPage","@id":"https:\/\/thecontentstation.com\/fr\/rejoindre-lequipe\/","url":"https:\/\/thecontentstation.com\/fr\/rejoindre-lequipe\/","name":"Rejoindre l\u2019\u00e9quipe | The Content Station","isPartOf":{"@id":"https:\/\/thecontentstation.com\/#website"},"primaryImageOfPage":{"@id":"https:\/\/thecontentstation.com\/fr\/rejoindre-lequipe\/#primaryimage"},"image":{"@id":"https:\/\/thecontentstation.com\/fr\/rejoindre-lequipe\/#primaryimage"},"thumbnailUrl":"https:\/\/thecontentstation.com\/wp-content\/uploads\/2024\/08\/The-content-station-join-us-header.jpg","datePublished":"2024-06-27T11:58:26+00:00","dateModified":"2024-10-17T10:25:28+00:00","description":"Nous recherchons des experts en contenus souhaitant rejoindre notre \u00e9quipe.","breadcrumb":{"@id":"https:\/\/thecontentstation.com\/fr\/rejoindre-lequipe\/#breadcrumb"},"inLanguage":"fr-FR","potentialAction":[{"@type":"ReadAction","target":["https:\/\/thecontentstation.com\/fr\/rejoindre-lequipe\/"]}]},{"@type":"ImageObject","inLanguage":"fr-FR","@id":"https:\/\/thecontentstation.com\/fr\/rejoindre-lequipe\/#primaryimage","url":"https:\/\/thecontentstation.com\/wp-content\/uploads\/2024\/08\/The-content-station-join-us-header.jpg","contentUrl":"https:\/\/thecontentstation.com\/wp-content\/uploads\/2024\/08\/The-content-station-join-us-header.jpg","width":1920,"height":955},{"@type":"BreadcrumbList","@id":"https:\/\/thecontentstation.com\/fr\/rejoindre-lequipe\/#breadcrumb","itemListElement":[{"@type":"ListItem","position":1,"name":"Accueil","item":"https:\/\/thecontentstation.com\/fr\/accueil\/"},{"@type":"ListItem","position":2,"name":"Rejoindre l\u2019\u00e9quipe"}]},{"@type":"WebSite","@id":"https:\/\/thecontentstation.com\/#website","url":"https:\/\/thecontentstation.com\/","name":"The Content Station","description":"Nous sommes vos experts en contenus.","publisher":{"@id":"https:\/\/thecontentstation.com\/#organization"},"potentialAction":[{"@type":"SearchAction","target":{"@type":"EntryPoint","urlTemplate":"https:\/\/thecontentstation.com\/?s={search_term_string}"},"query-input":{"@type":"PropertyValueSpecification","valueRequired":true,"valueName":"search_term_string"}}],"inLanguage":"fr-FR"},{"@type":"Organization","@id":"https:\/\/thecontentstation.com\/#organization","name":"The Content Station","url":"https:\/\/thecontentstation.com\/","logo":{"@type":"ImageObject","inLanguage":"fr-FR","@id":"https:\/\/thecontentstation.com\/#\/schema\/logo\/image\/","url":"https:\/\/thecontentstation.com\/wp-content\/uploads\/2024\/07\/The-content-station-logo-full.png","contentUrl":"https:\/\/thecontentstation.com\/wp-content\/uploads\/2024\/07\/The-content-station-logo-full.png","width":600,"height":118,"caption":"The Content Station"},"image":{"@id":"https:\/\/thecontentstation.com\/#\/schema\/logo\/image\/"},"sameAs":["https:\/\/www.facebook.com\/thecontentstation\/","https:\/\/x.com\/_contentstation","https:\/\/www.linkedin.com\/company\/thecontentstation\/"]}]}},"_links":{"self":[{"href":"https:\/\/thecontentstation.com\/fr\/wp-json\/wp\/v2\/pages\/1414","targetHints":{"allow":["GET"]}}],"collection":[{"href":"https:\/\/thecontentstation.com\/fr\/wp-json\/wp\/v2\/pages"}],"about":[{"href":"https:\/\/thecontentstation.com\/fr\/wp-json\/wp\/v2\/types\/page"}],"author":[{"embeddable":true,"href":"https:\/\/thecontentstation.com\/fr\/wp-json\/wp\/v2\/users\/1"}],"replies":[{"embeddable":true,"href":"https:\/\/thecontentstation.com\/fr\/wp-json\/wp\/v2\/comments?post=1414"}],"version-history":[{"count":14,"href":"https:\/\/thecontentstation.com\/fr\/wp-json\/wp\/v2\/pages\/1414\/revisions"}],"predecessor-version":[{"id":1730,"href":"https:\/\/thecontentstation.com\/fr\/wp-json\/wp\/v2\/pages\/1414\/revisions\/1730"}],"wp:featuredmedia":[{"embeddable":true,"href":"https:\/\/thecontentstation.com\/fr\/wp-json\/wp\/v2\/media\/864"}],"wp:attachment":[{"href":"https:\/\/thecontentstation.com\/fr\/wp-json\/wp\/v2\/media?parent=1414"}],"curies":[{"name":"wp","href":"https:\/\/api.w.org\/{rel}","templated":true}]}}